{"id":9,"date":"2020-01-14T12:07:29","date_gmt":"2020-01-14T11:07:29","guid":{"rendered":"https:\/\/uniqueer.aau.at\/?page_id=9"},"modified":"2026-02-21T14:33:14","modified_gmt":"2026-02-21T13:33:14","slug":"ueber-uns","status":"publish","type":"page","link":"https:\/\/uniqueer.aau.at\/index.php\/ueber-uns\/","title":{"rendered":"\u00dcber uns \/ About us"},"content":{"rendered":"\n<p>Uniqueer ist eine im M\u00e4rz 2019 gegr\u00fcndeten Gruppe queerer Mitarbeiter*innen und deren LGBTIQ* Unterst\u00fctzer*innen an der Universit\u00e4t Klagenfurt. Wir vernetzen uns inner- und au\u00dferhalb der Universit\u00e4t, um queere Sichtbarkeit am Campus zu erh\u00f6hen und queere Initiative zu f\u00f6rdern.<\/p>\n\n\n\n<p>Zu unserer Gruppe geh\u00f6ren Cristina Beretta, Daria Jadre\u0161ki\u0107, Katrin Ackerl Konstantin, Rosalia Kopeinig, Maria Mucke, Alice Pechriggl, Ren\u00e9 Schallegger, Heidi Siller unter anderem. Wir freuen uns sehr, neue Kontakte zu machen und neue Menschen kennenzulerenen!<\/p>\n\n\n\n<p>Founded in March 2019, Uniqueer is a group of queer &amp; queer-supporting faculty and staff from the University of Klagenfurt. Below are the goals of Uniqueer. Our main aims is to increase the awareness of queer-related themes and foster a growing queer community on campus. <\/p>\n\n\n\n<p>We happily count Cristina Beretta, Daria Jadre\u0161ki\u0107, Katrin Ackerl Konstantin, Rosalia Kopeinig, Maria Mucke, Alice Pechriggl, Ren\u00e9 Schallegger, Heidi Siller, and many more among our members and supporters. We look forward to meeting new people and making new contacts!<\/p>\n\n\n\n<h2 class=\"wp-block-heading\">GOALS<\/h2>\n\n\n\n<blockquote class=\"wp-block-quote is-layout-flow wp-block-quote-is-layout-flow\">\n<p><strong>REPRESENTATION<\/strong>: It&#8217;s important that queer faculty members are visible so as to normalize queerness and to affirm non-heteronormativity as present on campus. This fosters an inclusive, open environment for all faculty, staff, and students to express themselves.<\/p>\n\n\n\n<p><strong>AWARENESS<\/strong>: It&#8217;s important to raise awareness that non-heteronormative sexual and gender identities are deserving of respect and acceptance. <\/p>\n\n\n\n<p><strong>WORK WITH OTHER GROUPS<\/strong>: It&#8217;s important to build a supportive network on campus to increase university-wide outreach in order to exercise a unified voice in advocacy for queer issues. Uniqueer will work with student-led groups (like the \u00d6H) and campus organizations like the University Centre for Women\u2019s Studies and Gender Studies. Uniqueer can also facilitate outreach to other Austrian universities through faculty connections.<\/p>\n\n\n\n<p><strong>QUEER SUPPORT<\/strong>: It&#8217;s important to amplify the voices of queer students, faculty, and staff on campus and advocate for them within the university. Marginalized groups should be supported and have their voices affirmed.<\/p>\n<\/blockquote>\n\n\n\n<p><\/p>\n","protected":false},"excerpt":{"rendered":"<p>Uniqueer ist eine im M\u00e4rz 2019 gegr\u00fcndeten Gruppe queerer Mitarbeiter*innen und deren LGBTIQ* Unterst\u00fctzer*innen an der Universit\u00e4t Klagenfurt. Wir vernetzen uns inner- und au\u00dferhalb der Universit\u00e4t, um queere Sichtbarkeit am Campus zu erh\u00f6hen und queere Initiative zu f\u00f6rdern. Zu unserer Gruppe geh\u00f6ren Cristina Beretta, Daria Jadre\u0161ki\u0107, Katrin Ackerl Konstantin, Rosalia Kopeinig, Maria Mucke, Alice Pechriggl,&#8230;<\/p>\n","protected":false},"author":1,"featured_media":0,"parent":0,"menu_order":0,"comment_status":"closed","ping_status":"closed","template":"","meta":{"footnotes":""},"class_list":["post-9","page","type-page","status-publish","hentry"],"_links":{"self":[{"href":"https:\/\/uniqueer.aau.at\/index.php\/wp-json\/wp\/v2\/pages\/9","targetHints":{"allow":["GET"]}}],"collection":[{"href":"https:\/\/uniqueer.aau.at\/index.php\/wp-json\/wp\/v2\/pages"}],"about":[{"href":"https:\/\/uniqueer.aau.at\/index.php\/wp-json\/wp\/v2\/types\/page"}],"author":[{"embeddable":true,"href":"https:\/\/uniqueer.aau.at\/index.php\/wp-json\/wp\/v2\/users\/1"}],"replies":[{"embeddable":true,"href":"https:\/\/uniqueer.aau.at\/index.php\/wp-json\/wp\/v2\/comments?post=9"}],"version-history":[{"count":15,"href":"https:\/\/uniqueer.aau.at\/index.php\/wp-json\/wp\/v2\/pages\/9\/revisions"}],"predecessor-version":[{"id":282,"href":"https:\/\/uniqueer.aau.at\/index.php\/wp-json\/wp\/v2\/pages\/9\/revisions\/282"}],"wp:attachment":[{"href":"https:\/\/uniqueer.aau.at\/index.php\/wp-json\/wp\/v2\/media?parent=9"}],"curies":[{"name":"wp","href":"https:\/\/api.w.org\/{rel}","templated":true}]}}