{"id":8,"date":"2020-01-14T12:07:29","date_gmt":"2020-01-14T11:07:29","guid":{"rendered":"https:\/\/uniqueer.aau.at\/?page_id=8"},"modified":"2024-04-26T09:22:31","modified_gmt":"2024-04-26T07:22:31","slug":"startseite","status":"publish","type":"page","link":"https:\/\/uniqueer.aau.at\/","title":{"rendered":"Willkommen! Welcome!"},"content":{"rendered":"\n<p class=\"has-text-align-center has-vivid-purple-color has-text-color has-medium-font-size\"><\/p>\n\n\n\n<hr class=\"wp-block-separator has-alpha-channel-opacity\"\/>\n\n\n\n<p>Auf dieser Webseite pr\u00e4sentiert sich Uniqueer und teilt Informationen \u00fcber das Queersein in \u00d6sterreich.<\/p>\n\n\n\n<p>The members of Uniqueer would like to welcome you to this virtual space where we&#8217;d like to share some basic information about ourselves and a few helpful links about being queer in Austria. <\/p>\n\n\n\n<figure class=\"wp-block-image size-large is-style-rounded\"><img loading=\"lazy\" decoding=\"async\" width=\"1024\" height=\"470\" src=\"https:\/\/uniqueer.aau.at\/wp-content\/uploads\/2020\/01\/image-asset-1024x470.jpeg\" alt=\"\" class=\"wp-image-14\" title=\"\" srcset=\"https:\/\/uniqueer.aau.at\/wp-content\/uploads\/2020\/01\/image-asset-1024x470.jpeg 1024w, https:\/\/uniqueer.aau.at\/wp-content\/uploads\/2020\/01\/image-asset-300x138.jpeg 300w, https:\/\/uniqueer.aau.at\/wp-content\/uploads\/2020\/01\/image-asset-768x352.jpeg 768w, https:\/\/uniqueer.aau.at\/wp-content\/uploads\/2020\/01\/image-asset.jpeg 1500w\" sizes=\"auto, (max-width: 1024px) 100vw, 1024px\" \/><\/figure>\n\n\n\n<hr class=\"wp-block-separator has-alpha-channel-opacity\"\/>\n\n\n\n<p class=\"has-text-align-center\">Danke f\u00fcr Ihren Besuch unserer Webseite&#8211;falls Sie Fragen haben oder Unterst\u00fctzung brauchen, bitte nehmen Sie Kontakt mit uns auf! <\/p>\n\n\n\n<p class=\"has-text-align-center\">Thanks for visiting our site&#8211;please contact us if you need help or have any questions!<\/p>\n","protected":false},"excerpt":{"rendered":"<p>Auf dieser Webseite pr\u00e4sentiert sich Uniqueer und teilt Informationen \u00fcber das Queersein in \u00d6sterreich. The members of Uniqueer would like to welcome you to this virtual space where we&#8217;d like to share some basic information about ourselves and a few helpful links about being queer in Austria. Danke f\u00fcr Ihren Besuch unserer Webseite&#8211;falls Sie Fragen&#8230;<\/p>\n","protected":false},"author":1,"featured_media":0,"parent":0,"menu_order":0,"comment_status":"closed","ping_status":"closed","template":"","meta":{"footnotes":""},"class_list":["post-8","page","type-page","status-publish","hentry"],"_links":{"self":[{"href":"https:\/\/uniqueer.aau.at\/index.php\/wp-json\/wp\/v2\/pages\/8","targetHints":{"allow":["GET"]}}],"collection":[{"href":"https:\/\/uniqueer.aau.at\/index.php\/wp-json\/wp\/v2\/pages"}],"about":[{"href":"https:\/\/uniqueer.aau.at\/index.php\/wp-json\/wp\/v2\/types\/page"}],"author":[{"embeddable":true,"href":"https:\/\/uniqueer.aau.at\/index.php\/wp-json\/wp\/v2\/users\/1"}],"replies":[{"embeddable":true,"href":"https:\/\/uniqueer.aau.at\/index.php\/wp-json\/wp\/v2\/comments?post=8"}],"version-history":[{"count":14,"href":"https:\/\/uniqueer.aau.at\/index.php\/wp-json\/wp\/v2\/pages\/8\/revisions"}],"predecessor-version":[{"id":174,"href":"https:\/\/uniqueer.aau.at\/index.php\/wp-json\/wp\/v2\/pages\/8\/revisions\/174"}],"wp:attachment":[{"href":"https:\/\/uniqueer.aau.at\/index.php\/wp-json\/wp\/v2\/media?parent=8"}],"curies":[{"name":"wp","href":"https:\/\/api.w.org\/{rel}","templated":true}]}}