{"id":107,"date":"2022-10-08T10:19:30","date_gmt":"2022-10-08T08:19:30","guid":{"rendered":"https:\/\/uniqueer.aau.at\/?page_id=107"},"modified":"2023-02-20T15:38:03","modified_gmt":"2023-02-20T14:38:03","slug":"news-uber-unsere-projekte-und-projekte-die-wir-unterstutzen","status":"publish","type":"page","link":"https:\/\/uniqueer.aau.at\/index.php\/news-uber-unsere-projekte-und-projekte-die-wir-unterstutzen\/","title":{"rendered":"News"},"content":{"rendered":"\n<p class=\"has-text-align-center has-vivid-purple-color has-text-color has-medium-font-size\">Unsere lieben Uniqueer Freund*innen haben ihre Meinungen bei einem Interview im ORF (K\u00e4rnten Heute) zu dem Regenbogenparade und dem Pridemonat Juni ge\u00e4u\u00dfert. Siehe <a href=\"https:\/\/www.instagram.com\/tv\/CQjWA5ZjnkT\/?igshid=YmMyMTA2M2Y=\">diese Link<\/a> auf Instagram!<\/p>\n\n\n\n<hr class=\"wp-block-separator has-alpha-channel-opacity is-style-dots\"\/>\n\n\n\n<p class=\"has-text-align-center has-pale-pink-color has-text-color has-medium-font-size\">Schau mal bei <a rel=\"noreferrer noopener\" href=\"http:\/\/www.mappingtheunseen.com\" target=\"_blank\">Mapping the Unseen<\/a>, ein sehr vielfaltiges, k\u00fcnstlerisches Forschungsprojekt! <\/p>\n\n\n\n<hr class=\"wp-block-separator has-alpha-channel-opacity is-style-dots\"\/>\n\n\n\n<h3 class=\"has-text-align-center has-vivid-red-color has-text-color wp-block-heading\" style=\"font-size:27px\">Initiativen an der Universit\u00e4t Klagenfurt und in der Stadt Klagenfurt<\/h3>\n\n\n\n<figure class=\"wp-block-gallery has-nested-images columns-default is-cropped wp-block-gallery-1 is-layout-flex wp-block-gallery-is-layout-flex\">\n<figure class=\"wp-block-image size-full\"><img loading=\"lazy\" decoding=\"async\" width=\"549\" height=\"418\" data-id=\"119\" src=\"https:\/\/uniqueer.aau.at\/wp-content\/uploads\/2022\/10\/pride-parade-2021.jpg\" alt=\"\" class=\"wp-image-119\" srcset=\"https:\/\/uniqueer.aau.at\/wp-content\/uploads\/2022\/10\/pride-parade-2021.jpg 549w, https:\/\/uniqueer.aau.at\/wp-content\/uploads\/2022\/10\/pride-parade-2021-300x228.jpg 300w, https:\/\/uniqueer.aau.at\/wp-content\/uploads\/2022\/10\/pride-parade-2021-80x60.jpg 80w\" sizes=\"auto, (max-width: 549px) 100vw, 549px\" \/><\/figure>\n<figcaption class=\"blocks-gallery-caption wp-element-caption\"> 2021 Pride Parade in Klagenfurt (Foto: B. Shedd)<figure class=\"wp-block-image size-full is-style-default\"><img loading=\"lazy\" decoding=\"async\" width=\"2560\" height=\"1920\" class=\"wp-image-117\" style=\"\" src=\"https:\/\/uniqueer.aau.at\/wp-content\/uploads\/2022\/10\/IMG_1803-M.-Weiss-scaled.jpg\" alt=\"\" srcset=\"https:\/\/uniqueer.aau.at\/wp-content\/uploads\/2022\/10\/IMG_1803-M.-Weiss-scaled.jpg 2560w, https:\/\/uniqueer.aau.at\/wp-content\/uploads\/2022\/10\/IMG_1803-M.-Weiss-300x225.jpg 300w, https:\/\/uniqueer.aau.at\/wp-content\/uploads\/2022\/10\/IMG_1803-M.-Weiss-700x525.jpg 700w, https:\/\/uniqueer.aau.at\/wp-content\/uploads\/2022\/10\/IMG_1803-M.-Weiss-768x576.jpg 768w, https:\/\/uniqueer.aau.at\/wp-content\/uploads\/2022\/10\/IMG_1803-M.-Weiss-1536x1152.jpg 1536w, https:\/\/uniqueer.aau.at\/wp-content\/uploads\/2022\/10\/IMG_1803-M.-Weiss-2048x1536.jpg 2048w, https:\/\/uniqueer.aau.at\/wp-content\/uploads\/2022\/10\/IMG_1803-M.-Weiss-800x600.jpg 800w, https:\/\/uniqueer.aau.at\/wp-content\/uploads\/2022\/10\/IMG_1803-M.-Weiss-80x60.jpg 80w\" sizes=\"auto, (max-width: 2560px) 100vw, 2560px\" \/><figcaption><span style=\"color: rgb(51, 51, 51); font-size: 17px;\"> <\/span><\/figcaption><\/figure><\/figcaption><\/figure>\n\n\n\n<p>Regenbogenfahne an der Universit\u00e4t Klagenfurt (Foto: M. Weiss)<\/p>\n\n\n\n<figure class=\"wp-block-image size-full is-resized is-style-default\"><img loading=\"lazy\" decoding=\"async\" src=\"https:\/\/uniqueer.aau.at\/wp-content\/uploads\/2022\/10\/allgender-toilets.png\" alt=\"\" class=\"wp-image-118\" width=\"739\" height=\"515\" srcset=\"https:\/\/uniqueer.aau.at\/wp-content\/uploads\/2022\/10\/allgender-toilets.png 1114w, https:\/\/uniqueer.aau.at\/wp-content\/uploads\/2022\/10\/allgender-toilets-300x209.png 300w, https:\/\/uniqueer.aau.at\/wp-content\/uploads\/2022\/10\/allgender-toilets-700x488.png 700w, https:\/\/uniqueer.aau.at\/wp-content\/uploads\/2022\/10\/allgender-toilets-768x536.png 768w, https:\/\/uniqueer.aau.at\/wp-content\/uploads\/2022\/10\/allgender-toilets-800x558.png 800w\" sizes=\"auto, (max-width: 739px) 100vw, 739px\" \/><figcaption class=\"wp-element-caption\">All-Gender Toilet an der Universit\u00e4t Klagenfurt (Foto: B. Shedd)<\/figcaption><\/figure>\n","protected":false},"excerpt":{"rendered":"<p>Unsere lieben Uniqueer Freund*innen haben ihre Meinungen bei einem Interview im ORF (K\u00e4rnten Heute) zu dem Regenbogenparade und dem Pridemonat Juni ge\u00e4u\u00dfert. Siehe diese Link auf Instagram! Schau mal bei Mapping the Unseen, ein sehr vielfaltiges, k\u00fcnstlerisches Forschungsprojekt! Initiativen an der Universit\u00e4t Klagenfurt und in der Stadt Klagenfurt Regenbogenfahne an der Universit\u00e4t Klagenfurt (Foto: M&#8230;.<\/p>\n","protected":false},"author":1,"featured_media":0,"parent":0,"menu_order":0,"comment_status":"closed","ping_status":"closed","template":"","meta":{"footnotes":""},"class_list":["post-107","page","type-page","status-publish","hentry"],"_links":{"self":[{"href":"https:\/\/uniqueer.aau.at\/index.php\/wp-json\/wp\/v2\/pages\/107","targetHints":{"allow":["GET"]}}],"collection":[{"href":"https:\/\/uniqueer.aau.at\/index.php\/wp-json\/wp\/v2\/pages"}],"about":[{"href":"https:\/\/uniqueer.aau.at\/index.php\/wp-json\/wp\/v2\/types\/page"}],"author":[{"embeddable":true,"href":"https:\/\/uniqueer.aau.at\/index.php\/wp-json\/wp\/v2\/users\/1"}],"replies":[{"embeddable":true,"href":"https:\/\/uniqueer.aau.at\/index.php\/wp-json\/wp\/v2\/comments?post=107"}],"version-history":[{"count":10,"href":"https:\/\/uniqueer.aau.at\/index.php\/wp-json\/wp\/v2\/pages\/107\/revisions"}],"predecessor-version":[{"id":150,"href":"https:\/\/uniqueer.aau.at\/index.php\/wp-json\/wp\/v2\/pages\/107\/revisions\/150"}],"wp:attachment":[{"href":"https:\/\/uniqueer.aau.at\/index.php\/wp-json\/wp\/v2\/media?parent=107"}],"curies":[{"name":"wp","href":"https:\/\/api.w.org\/{rel}","templated":true}]}}